{"id":887,"date":"2024-02-19T16:03:06","date_gmt":"2024-02-19T15:03:06","guid":{"rendered":"https:\/\/hotels.le-mont-saint-michel.com?page_id=887"},"modified":"2024-03-25T20:09:16","modified_gmt":"2024-03-25T19:09:16","slug":"contact-us","status":"publish","type":"page","link":"https:\/\/hotels.le-mont-saint-michel.com\/en\/contact-us\/","title":{"rendered":"Contact us"},"content":{"rendered":"<section class=\"acf formulaire-de-contact\">\n    <div class=\"container-small\">\n\n\t\t\n\t\t\t<form action=\"\" method=\"post\" id=\"frm-contact_form_global\" data-action=\"form_contact_global\" data-recaptcha=\"6LfJcKEpAAAAALndoS-gR3L_QXgHTYFbdBs79LGx\">\n\t\t\t\t<td><input type=\"hidden\" name=\"page_from\" value=\"https:\/\/hotels.le-mont-saint-michel.com\/en\/wp-json\/wp\/v2\/pages\/887\"><\/td>\n\t\t\t\t\t\t\t\t<div class=\"formulaire\">\n\t\t\t\t\t<div class=\"intro\">\n\t\t\t\t\t\t<p><\/p>\n\t\t\t\t\t\t<p>Fields marked with an asterisk (*) are required.<\/p>\n\t\t\t\t\t<\/div>\n\n\t\t\t\t\t<div class=\"surname-name\">\n\t\t\t\t\t\t<div class=\"surname form-input\">\n\t\t\t\t\t\t\t<th><label for=\"frm-contact_form_global-lastname\" class=\"required\">Last name*<\/label><\/th>\n\t\t\t\t\t\t\t<td><input type=\"text\" name=\"lastname\" autocomplete=\"off\" placeholder=\"Your last name\" id=\"frm-contact_form_global-lastname\" required data-nette-rules='[{\"op\":\":filled\",\"msg\":\"Please enter your last name\"}]' class=\"text\"><\/td>\n\t\t\t\t\t\t<\/div>\n\t\t\t\t\t\t<div class=\"name form-input\">\n\t\t\t\t\t\t\t<th><label for=\"frm-contact_form_global-firstname\">First name (optional)<\/label><\/th>\n\t\t\t\t\t\t\t<td><input type=\"text\" name=\"firstname\" autocomplete=\"off\" placeholder=\"Your first name\" id=\"frm-contact_form_global-firstname\" class=\"text\"><\/td>\n\t\t\t\t\t\t<\/div>\n\t\t\t\t\t<\/div>\n\n\t\t\t\t\t<div class=\"email-phone\">\n\t\t\t\t\t<div class=\"email form-input\">\n\t\t\t\t\t\t<th><label for=\"frm-contact_form_global-email\" class=\"required\">Email address*<\/label><\/th>\n\t\t\t\t\t\t<td><input type=\"email\" name=\"email\" autocomplete=\"off\" placeholder=\"Your email address\" id=\"frm-contact_form_global-email\" required data-nette-rules='[{\"op\":\":filled\",\"msg\":\"Please enter your email address\"},{\"op\":\":email\",\"msg\":\"Please enter a valid email address.\"}]' class=\"text\"><\/td>\n\t\t\t\t\t<\/div>\n\n\t\t\t\t\t<div class=\"phone form-input\">\n\t\t\t\t\t\t<th><label for=\"frm-contact_form_global-phone\">Phone number (optional)<\/label><\/th>\n\t\t\t\t\t\t<td><input type=\"tel\" name=\"phone\" pattern=\"[0-9]{10}\" autocomplete=\"off\" placeholder=\"Your phone number\" id=\"frm-contact_form_global-phone\" data-nette-rules='[{\"op\":\":pattern\",\"msg\":\"invalid value\",\"arg\":\"[0-9]{10}\"}]'><\/td>\n\t\t\t\t\t<\/div>\n\t\t\t\t\t<\/div>\n\n\t\t\t\t\t<div class=\"societe form-input\">\n\t\t\t\t\t<th><label for=\"frm-contact_form_global-societe\">Company (optional)<\/label><\/th>\n\t\t\t\t\t<td><input type=\"text\" name=\"societe\" autocomplete=\"off\" placeholder=\"Your company\" id=\"frm-contact_form_global-societe\" class=\"text\"><\/td>\n\t\t\t\t\t<\/div>\n\n\t\t\t\t\t<div class=\"subject form-input\">\n\t\t\t\t\t<th><label for=\"frm-contact_form_global-subject\" class=\"required\">Subject*<\/label><\/th>\n\t\t\t\t\t<td><select name=\"subject\" placeholder=\"Your subject\" id=\"frm-contact_form_global-subject\" required data-nette-rules='[{\"op\":\":filled\",\"msg\":\"Please enter your Subject\"}]'><option value=\"\">Choose your reason<\/option><option value=\"Demande de r\u00e9servation ou renseignements \u00e0 H\u00f4tel Mercure\">Reservation request or inquiries at L&#8217;H\u00f4tel Mercure<\/option><option value=\"Demande de r\u00e9servation ou renseignements \u00e0 H\u00f4tel Gabriel\">Reservation request or inquiries at L&#8217;H\u00f4tel Gabriel<\/option><option value=\"Demande de r\u00e9servation ou renseignements \u00e0 H\u00f4tel Vert\">Reservation request or inquiries at L&#8217;H\u00f4tel Vert<\/option><option value=\"Demande de r\u00e9servation ou renseignements au Relais du Roy\">Reservation request or inquiries at Le Relais du Roy<\/option><option value=\"Demande de r\u00e9servation ou renseignements \u00e0 Auberge de la Baie\">Reservation request or inquiries at L&#8217;Auberge de la Baie<\/option><option value=\"Accessibilit\u00e9 handicap\">Disability access<\/option><option value=\"Professionnels du tourisme\">Tourism professionals<\/option><option value=\"S\u00e9minaires, r\u00e9unions et journ\u00e9es d\u2019\u00e9tude\">Seminars, meetings, and study days<\/option><option value=\"Informations sur les acc\u00e8s\">Access information<\/option><option value=\"Autre\">Other<\/option><\/select><\/td>\n\t\t\t\t\t<\/div>\n\n\t\t\t\t\t<div class=\"message form-input\">\n\t\t\t\t\t<th><label for=\"frm-contact_form_global-message\" class=\"required\">Your message*<\/label><\/th>\n\t\t\t\t\t<td><textarea name=\"message\" autocomplete=\"off\" placeholder=\"Explain your request\" id=\"frm-contact_form_global-message\" required data-nette-rules='[{\"op\":\":filled\",\"msg\":\"Please enter your message\"}]'><\/textarea><\/td>\n\t\t\t\t\t<\/div>\n\n\t\t\t\t\t<div class=\"rgpd\">\n\t\t\t\t\t<td><label for=\"frm-contact_form_global-rgpd\"><input type=\"checkbox\" name=\"rgpd\" autocomplete=\"off\" id=\"frm-contact_form_global-rgpd\" required data-nette-rules='[{\"op\":\":filled\",\"msg\":\"Please tick this box\"}]'>I agree that Les Portes du Mont Saint Michel may use my information to contact me again.*<\/label><\/td>\n\t\t\t\t\t\t\t\t\t\t<\/div>\n\n\t\t\t\t\t<div class=\"send\">\n\t\t\t\t\t<td><button type=\"submit\" name=\"send\" class=\"btn button-primary button-primary-small button-primary-3  g-recaptcha\" data-sitekey=\"6LfJcKEpAAAAALndoS-gR3L_QXgHTYFbdBs79LGx\" data-callback=\"onSubmit\" data-action=\"contact_page\">Send your request<\/button><\/td>\n\t\t\t\t\t<div class=\"return\"><\/div>\n\t\t\t\t\t<\/div>\n\t\t\t\t<\/div>\n\t\t\t<input type=\"hidden\" name=\"_form_\" value=\"contact_form_global\">\n<\/form>\n\n\n\t\t\n    <\/div>\n<\/section>\n\n<script>\n\tfunction onSubmit(token) {\n\t\tdocument.getElementById(\"frm-contact_form_global\").submit()\n\t}\n<\/script>\n\n<section class=\"acf map\">\n\t<div class=\"map-localisations\">\n\t\t<div class=\"map\" id=\"contact_map\"><\/div>\n\n\t\t<script src=\"https:\/\/unpkg.com\/leaflet\/dist\/leaflet.js\"><\/script>\n\t\t<script>\n\t\t\tvar map = L.map('contact_map');\n\t\t\tvar markers = [];\n\n\t\t\t\t\t\t\t\t\t\t\t\t\t\t\t\t\t\t\t\t\t\t\t\t\t\t\t\t\t\t\t\t\tvar popupContent = \"<div class='popup-image'><img src='https:\/\/hotels.le-mont-saint-michel.com\/app\/uploads\/2024\/02\/couchee-soleil-maree-basse-mont-saint-michel-300x154.jpg'\/><\/div><div class='popup-content'><h6>Titre<\/h6><p>0987654321<\/p><p>Le Mont-Saint-Michel, France<\/p><a href='https:\/\/www.google.com\/maps\/dir\/?api=1&#038;destination=48.636063,-1.511457' class='lien' target='_blank'>Voir l'itin\u00e9raire<\/a><\/div>\";\n\n\t\t\t\t\tmarkers.push({\n\t\t\t\t\t\t\"lat\": 48.636063,\n\t\t\t\t\t\t\"lng\": -1.511457,\n\t\t\t\t\t\t\"popupContent\": popupContent,\n\t\t\t\t\t});\n\t\t\t\t\t\t\t\n\t\t\tmap.setView([markers[0].lat, markers[0].lng], markers.length === 1 ? 13 : 13); \n\n\t\t\tL.tileLayer('https:\/\/{s}.tile.openstreetmap.org\/{z}\/{x}\/{y}.png', {\n\t\t\t\tattribution: '&copy; OpenStreetMap contributors'\n\t\t\t}).addTo(map);\n\n\t\t\tvar customIcon = L.divIcon({\n\t\t\t\tclassName: 'custom-svg-marker',\n\t\t\t\ticonAnchor: [24, 4],\n\t\t\t\thtml: '<svg width=\"48\" height=\"48\" viewBox=\"0 0 48 48\" fill=\"none\" xmlns=\"http:\/\/www.w3.org\/2000\/svg\"><mask id=\"mask0_1862_7722\" style=\"mask-type:alpha\" maskUnits=\"userSpaceOnUse\" x=\"0\" y=\"0\" width=\"48\" height=\"48\"><rect width=\"48\" height=\"48\" fill=\"#D9D9D9\"\/><\/mask><g mask=\"url(#mask0_1862_7722)\"><path d=\"M24.0044 23.5C24.9681 23.5 25.7917 23.1569 26.475 22.4706C27.1583 21.7843 27.5 20.9593 27.5 19.9956C27.5 19.0319 27.1569 18.2083 26.4706 17.525C25.7843 16.8417 24.9593 16.5 23.9956 16.5C23.0319 16.5 22.2083 16.8431 21.525 17.5294C20.8417 18.2157 20.5 19.0407 20.5 20.0044C20.5 20.9681 20.8431 21.7917 21.5294 22.475C22.2157 23.1583 23.0407 23.5 24.0044 23.5ZM24 40.05C28.4333 36.0167 31.7083 32.3583 33.825 29.075C35.9417 25.7917 37 22.9 37 20.4C37 16.4737 35.7451 13.2587 33.2354 10.7552C30.7257 8.25175 27.6472 7 24 7C20.3528 7 17.2743 8.25175 14.7646 10.7552C12.2549 13.2587 11 16.4737 11 20.4C11 22.9 12.0833 25.7917 14.25 29.075C16.4167 32.3583 19.6667 36.0167 24 40.05ZM24 44C18.6333 39.4333 14.625 35.1917 11.975 31.275C9.325 27.3583 8 23.7333 8 20.4C8 15.4 9.60833 11.4167 12.825 8.45C16.0417 5.48333 19.7667 4 24 4C28.2333 4 31.9583 5.48333 35.175 8.45C38.3917 11.4167 40 15.4 40 20.4C40 23.7333 38.675 27.3583 36.025 31.275C33.375 35.1917 29.3667 39.4333 24 44Z\" fill=\"#000052\"\/><\/g><\/svg>'\n\t\t\t});\n\n\t\t\tmarkers.forEach(function (location) {\n\t\t\t\tvar marker = L.marker([location.lat, location.lng], { icon: customIcon }).addTo(map);\n\t\t\t\tvar popup = L.popup()\n\t\t\t\t\t.setContent(location.popupContent);\n\n\t\t\t\tmarker.bindPopup(popup);\n\t\t\t});\n\n\t\t\t\n\n\t\t\tmap.whenReady(function() {\n\t\t\t\tsetTimeout(function() {\n\t\t\t\t\tif (markers.length > 1) {\n\t\t\t\t\t\tvar bounds = new L.LatLngBounds(markers.map(function(location) {\n\t\t\t\t\t\t\treturn [location.lat, location.lng];\n\t\t\t\t\t\t}));\n\n\t\t\t\t\t\tconsole.log('Bounds calculated:', bounds); \/\/ Debugging log\n\n\t\t\t\t\t\tmap.fitBounds(bounds);\n\t\t\t\t\t}\n\t\t\t\t}, 600); \/\/ Increased delay\n\t\t\t});\n\n\n\n\t\t\tfunction onMapReady(map) {\n\t\t\t\tsetTimeout(() => {\n\t\t\t\t\tmap.invalidateSize();\n\t\t\t\t}, 500);\n\t\t\t}\n\n\t\t\tonMapReady(map);\n\t\t<\/script>\n\t<\/div>\n<\/section>","protected":false},"excerpt":{"rendered":"","protected":false},"author":1,"featured_media":485,"parent":0,"menu_order":13,"comment_status":"closed","ping_status":"closed","template":"","meta":{"_acf_changed":false,"footnotes":""},"class_list":["post-887","page","type-page","status-publish","has-post-thumbnail","hentry"],"acf":[],"yoast_head":"<!-- This site is optimized with the Yoast SEO plugin v27.1.1 - https:\/\/yoast.com\/product\/yoast-seo-wordpress\/ -->\n<title>Contact - Mont Saint-Michel Hotels<\/title>\n<meta name=\"description\" content=\"Contact us - Hotels Les Portes Du Mont Saint-Michel - Catering and accommodation group including campsite offers, and 2 to 4 star hotels.\" \/>\n<meta name=\"robots\" content=\"index, follow, max-snippet:-1, max-image-preview:large, max-video-preview:-1\" \/>\n<link rel=\"canonical\" href=\"https:\/\/hotels.le-mont-saint-michel.com\/en\/contact-us\/\" \/>\n<meta property=\"og:locale\" content=\"en_US\" \/>\n<meta property=\"og:type\" content=\"article\" \/>\n<meta property=\"og:title\" content=\"Contact - Mont Saint-Michel Hotels\" \/>\n<meta property=\"og:description\" content=\"Contact us - Hotels Les Portes Du Mont Saint-Michel - Catering and accommodation group including campsite offers, and 2 to 4 star hotels.\" \/>\n<meta property=\"og:url\" content=\"https:\/\/hotels.le-mont-saint-michel.com\/en\/contact-us\/\" \/>\n<meta property=\"og:site_name\" content=\"H\u00f4tels Mont Saint-Michel\" \/>\n<meta property=\"article:modified_time\" content=\"2024-03-25T19:09:16+00:00\" \/>\n<meta property=\"og:image\" content=\"https:\/\/hotels.le-mont-saint-michel.com\/app\/uploads\/2024\/02\/couchee-soleil-maree-basse-mont-saint-michel-scaled.jpg\" \/>\n\t<meta property=\"og:image:width\" content=\"2560\" \/>\n\t<meta property=\"og:image:height\" content=\"1310\" \/>\n\t<meta property=\"og:image:type\" content=\"image\/jpeg\" \/>\n<meta name=\"twitter:card\" content=\"summary_large_image\" \/>\n<meta name=\"twitter:label1\" content=\"Est. reading time\" \/>\n\t<meta name=\"twitter:data1\" content=\"1 minute\" \/>\n<script type=\"application\/ld+json\" class=\"yoast-schema-graph\">{\"@context\":\"https:\/\/schema.org\",\"@graph\":[{\"@type\":\"WebPage\",\"@id\":\"https:\/\/hotels.le-mont-saint-michel.com\/en\/contact-us\/\",\"url\":\"https:\/\/hotels.le-mont-saint-michel.com\/en\/contact-us\/\",\"name\":\"Contact - Mont Saint-Michel Hotels\",\"isPartOf\":{\"@id\":\"https:\/\/hotels.le-mont-saint-michel.com\/en\/#website\"},\"primaryImageOfPage\":{\"@id\":\"https:\/\/hotels.le-mont-saint-michel.com\/en\/contact-us\/#primaryimage\"},\"image\":{\"@id\":\"https:\/\/hotels.le-mont-saint-michel.com\/en\/contact-us\/#primaryimage\"},\"thumbnailUrl\":\"https:\/\/hotels.le-mont-saint-michel.com\/app\/uploads\/2024\/02\/couchee-soleil-maree-basse-mont-saint-michel-scaled.jpg\",\"datePublished\":\"2024-02-19T15:03:06+00:00\",\"dateModified\":\"2024-03-25T19:09:16+00:00\",\"description\":\"Contact us - Hotels Les Portes Du Mont Saint-Michel - Catering and accommodation group including campsite offers, and 2 to 4 star hotels.\",\"breadcrumb\":{\"@id\":\"https:\/\/hotels.le-mont-saint-michel.com\/en\/contact-us\/#breadcrumb\"},\"inLanguage\":\"en-US\",\"potentialAction\":[{\"@type\":\"ReadAction\",\"target\":[\"https:\/\/hotels.le-mont-saint-michel.com\/en\/contact-us\/\"]}]},{\"@type\":\"ImageObject\",\"inLanguage\":\"en-US\",\"@id\":\"https:\/\/hotels.le-mont-saint-michel.com\/en\/contact-us\/#primaryimage\",\"url\":\"https:\/\/hotels.le-mont-saint-michel.com\/app\/uploads\/2024\/02\/couchee-soleil-maree-basse-mont-saint-michel-scaled.jpg\",\"contentUrl\":\"https:\/\/hotels.le-mont-saint-michel.com\/app\/uploads\/2024\/02\/couchee-soleil-maree-basse-mont-saint-michel-scaled.jpg\",\"width\":2560,\"height\":1310},{\"@type\":\"BreadcrumbList\",\"@id\":\"https:\/\/hotels.le-mont-saint-michel.com\/en\/contact-us\/#breadcrumb\",\"itemListElement\":[{\"@type\":\"ListItem\",\"position\":1,\"name\":\"Home\",\"item\":\"https:\/\/hotels.le-mont-saint-michel.com\/en\/\"},{\"@type\":\"ListItem\",\"position\":2,\"name\":\"Contact us\"}]},{\"@type\":\"WebSite\",\"@id\":\"https:\/\/hotels.le-mont-saint-michel.com\/en\/#website\",\"url\":\"https:\/\/hotels.le-mont-saint-michel.com\/en\/\",\"name\":\"H\u00f4tels Mont Saint-Michel\",\"description\":\"\",\"potentialAction\":[{\"@type\":\"SearchAction\",\"target\":{\"@type\":\"EntryPoint\",\"urlTemplate\":\"https:\/\/hotels.le-mont-saint-michel.com\/en\/?s={search_term_string}\"},\"query-input\":{\"@type\":\"PropertyValueSpecification\",\"valueRequired\":true,\"valueName\":\"search_term_string\"}}],\"inLanguage\":\"en-US\"}]}<\/script>\n<!-- \/ Yoast SEO plugin. -->","yoast_head_json":{"title":"Contact - Mont Saint-Michel Hotels","description":"Contact us - Hotels Les Portes Du Mont Saint-Michel - Catering and accommodation group including campsite offers, and 2 to 4 star hotels.","robots":{"index":"index","follow":"follow","max-snippet":"max-snippet:-1","max-image-preview":"max-image-preview:large","max-video-preview":"max-video-preview:-1"},"canonical":"https:\/\/hotels.le-mont-saint-michel.com\/en\/contact-us\/","og_locale":"en_US","og_type":"article","og_title":"Contact - Mont Saint-Michel Hotels","og_description":"Contact us - Hotels Les Portes Du Mont Saint-Michel - Catering and accommodation group including campsite offers, and 2 to 4 star hotels.","og_url":"https:\/\/hotels.le-mont-saint-michel.com\/en\/contact-us\/","og_site_name":"H\u00f4tels Mont Saint-Michel","article_modified_time":"2024-03-25T19:09:16+00:00","og_image":[{"width":2560,"height":1310,"url":"https:\/\/hotels.le-mont-saint-michel.com\/app\/uploads\/2024\/02\/couchee-soleil-maree-basse-mont-saint-michel-scaled.jpg","type":"image\/jpeg"}],"twitter_card":"summary_large_image","twitter_misc":{"Est. reading time":"1 minute"},"schema":{"@context":"https:\/\/schema.org","@graph":[{"@type":"WebPage","@id":"https:\/\/hotels.le-mont-saint-michel.com\/en\/contact-us\/","url":"https:\/\/hotels.le-mont-saint-michel.com\/en\/contact-us\/","name":"Contact - Mont Saint-Michel Hotels","isPartOf":{"@id":"https:\/\/hotels.le-mont-saint-michel.com\/en\/#website"},"primaryImageOfPage":{"@id":"https:\/\/hotels.le-mont-saint-michel.com\/en\/contact-us\/#primaryimage"},"image":{"@id":"https:\/\/hotels.le-mont-saint-michel.com\/en\/contact-us\/#primaryimage"},"thumbnailUrl":"https:\/\/hotels.le-mont-saint-michel.com\/app\/uploads\/2024\/02\/couchee-soleil-maree-basse-mont-saint-michel-scaled.jpg","datePublished":"2024-02-19T15:03:06+00:00","dateModified":"2024-03-25T19:09:16+00:00","description":"Contact us - Hotels Les Portes Du Mont Saint-Michel - Catering and accommodation group including campsite offers, and 2 to 4 star hotels.","breadcrumb":{"@id":"https:\/\/hotels.le-mont-saint-michel.com\/en\/contact-us\/#breadcrumb"},"inLanguage":"en-US","potentialAction":[{"@type":"ReadAction","target":["https:\/\/hotels.le-mont-saint-michel.com\/en\/contact-us\/"]}]},{"@type":"ImageObject","inLanguage":"en-US","@id":"https:\/\/hotels.le-mont-saint-michel.com\/en\/contact-us\/#primaryimage","url":"https:\/\/hotels.le-mont-saint-michel.com\/app\/uploads\/2024\/02\/couchee-soleil-maree-basse-mont-saint-michel-scaled.jpg","contentUrl":"https:\/\/hotels.le-mont-saint-michel.com\/app\/uploads\/2024\/02\/couchee-soleil-maree-basse-mont-saint-michel-scaled.jpg","width":2560,"height":1310},{"@type":"BreadcrumbList","@id":"https:\/\/hotels.le-mont-saint-michel.com\/en\/contact-us\/#breadcrumb","itemListElement":[{"@type":"ListItem","position":1,"name":"Home","item":"https:\/\/hotels.le-mont-saint-michel.com\/en\/"},{"@type":"ListItem","position":2,"name":"Contact us"}]},{"@type":"WebSite","@id":"https:\/\/hotels.le-mont-saint-michel.com\/en\/#website","url":"https:\/\/hotels.le-mont-saint-michel.com\/en\/","name":"H\u00f4tels Mont Saint-Michel","description":"","potentialAction":[{"@type":"SearchAction","target":{"@type":"EntryPoint","urlTemplate":"https:\/\/hotels.le-mont-saint-michel.com\/en\/?s={search_term_string}"},"query-input":{"@type":"PropertyValueSpecification","valueRequired":true,"valueName":"search_term_string"}}],"inLanguage":"en-US"}]}},"_links":{"self":[{"href":"https:\/\/hotels.le-mont-saint-michel.com\/en\/wp-json\/wp\/v2\/pages\/887","targetHints":{"allow":["GET"]}}],"collection":[{"href":"https:\/\/hotels.le-mont-saint-michel.com\/en\/wp-json\/wp\/v2\/pages"}],"about":[{"href":"https:\/\/hotels.le-mont-saint-michel.com\/en\/wp-json\/wp\/v2\/types\/page"}],"author":[{"embeddable":true,"href":"https:\/\/hotels.le-mont-saint-michel.com\/en\/wp-json\/wp\/v2\/users\/1"}],"replies":[{"embeddable":true,"href":"https:\/\/hotels.le-mont-saint-michel.com\/en\/wp-json\/wp\/v2\/comments?post=887"}],"version-history":[{"count":3,"href":"https:\/\/hotels.le-mont-saint-michel.com\/en\/wp-json\/wp\/v2\/pages\/887\/revisions"}],"predecessor-version":[{"id":1027,"href":"https:\/\/hotels.le-mont-saint-michel.com\/en\/wp-json\/wp\/v2\/pages\/887\/revisions\/1027"}],"wp:featuredmedia":[{"embeddable":true,"href":"https:\/\/hotels.le-mont-saint-michel.com\/en\/wp-json\/wp\/v2\/media\/485"}],"wp:attachment":[{"href":"https:\/\/hotels.le-mont-saint-michel.com\/en\/wp-json\/wp\/v2\/media?parent=887"}],"curies":[{"name":"wp","href":"https:\/\/api.w.org\/{rel}","templated":true}]}}